{"id":6953,"date":"2020-12-15T12:17:13","date_gmt":"2020-12-15T15:17:13","guid":{"rendered":"http:\/\/assessoriaperfilrh.com.br\/cms\/?page_id=6953"},"modified":"2021-02-19T09:39:27","modified_gmt":"2021-02-19T12:39:27","slug":"politica-de-privacidade","status":"publish","type":"page","link":"http:\/\/assessoriaperfilrh.com.br\/cms\/politica-de-privacidade\/","title":{"rendered":"Pol\u00edtica de Privacidade"},"content":{"rendered":"<p>[vc_row][vc_column][vc_column_text]<\/p>\n<p style=\"text-align: center;\"><strong>POL\u00cdTICA DE PRIVACIDADE \u2013 PERFIL SERVI\u00c7OS EMPRESARIAIS EIRELI<\/strong><\/p>\n<p>A empresa Perfil Servi\u00e7os Empresariais Ltda., inscrita no CNPJ n\u00ba 20.390.145\/0001-53, localizada na Avenida Brasil, n\u00ba 50, sala 305, Centro, na cidade Port\u00e3o no Rio Grande do Sul (RS), criou a presente pol\u00edtica de privacidade de dados com a finalidade de demonstrar o compromisso com a seguran\u00e7a e privacidade dos dados e informa\u00e7\u00f5es relativos aos seus clientes, colaboradores, parceiros, respeitando a legisla\u00e7\u00e3o vigente, em especial a Lei 12.965\/2014 (\u201cMarco Civil da Internet\u201d) e Lei 13.709\/2018 (\u201cLei Geral de Prote\u00e7\u00e3o de Dados\u201d). A pol\u00edtica de privacidade tem o objetivo de esclarecer as condi\u00e7\u00f5es de coleta, tratamento e armazenamento de dados pessoais tanto no ambiente online, quanto f\u00edsico.<\/p>\n<p>Para fins de cumprimento legal, a Perfil designou Iloide Nunes dos Santos como \u201cencarregado\u201d para atuar como canal de comunica\u00e7\u00e3o entre controlador, Autoridade Nacional de Prote\u00e7\u00e3o de Dados (ANPD), titular dos dados. Dessa forma, havendo qualquer d\u00favida em rela\u00e7\u00e3o aos seus dados pessoais que est\u00e3o sob responsabilidade da empresa, dever\u00e1 contatar\u00a0pelo e-mail: <a href=\"mailto:politicadeprivacidade@assessoriaperfilrh.com.br\">politicadeprivacidade@assessoriaperfilrh.com.br<\/a>.<\/p>\n<p>Ao utilizar o site da Perfil, voc\u00ea concorda com os termos previsto na presente pol\u00edtica de privacidade, de maneira livre, informada, inequ\u00edvoca, expressa e integral nos termos da finalidade informada.<\/p>\n<p><strong>QUAIS DADOS COLETAMOS:<\/strong><\/p>\n<p>A empresa Perfil coleta e trata dados como: nome, nacionalidade, profiss\u00e3o, CPF, RG, data de nascimento, g\u00eanero, estado civil, telefone, e-mail, t\u00edtulo, filia\u00e7\u00e3o, endere\u00e7o, dados banc\u00e1rios, dados de seguro, hist\u00f3rico escolar, dentre outros, com a finalidade de manter o seu curr\u00edculo para preenchimento de vagas ou ainda para formalizar contrata\u00e7\u00e3o de efetivos, estagi\u00e1rios e jovens aprendizes, bem como para outros servi\u00e7os que envolvam capacita\u00e7\u00e3o e desenvolvimento profissional.<\/p>\n<p><strong>DA FINALIDADE:<\/strong><\/p>\n<p>Ao saber mais sobre voc\u00ea, a empresa Perfil pode promover um atendimento personalizado de acordo com o seu perfil pessoal. A empresa Perfil presta servi\u00e7os de recrutamento e sele\u00e7\u00e3o, avalia\u00e7\u00f5es e treinamentos de efetivos, tempor\u00e1rios, estagi\u00e1rios e jovens aprendizes para empresas, universidades, escolas e outras institui\u00e7\u00f5es. A coleta de dados \u00e9 realizada com a seguinte finalidade:<\/p>\n<p>a) Garantir a efic\u00e1cia na presta\u00e7\u00e3o dos nossos servi\u00e7os;<br \/>\nb) Fornecer o curr\u00edculo do candidato a empresas com vagas em aberto, seja em cargos espec\u00edficos ou cargos nos quais a empresa entenda que o perfil do candidato se enquadra;<br \/>\nc) Para banco de curr\u00edculos, a fim de possibilitar ao candidato a contrata\u00e7\u00e3o em alguma empresa de forma efetiva ou tempor\u00e1ria, assim como em programas de est\u00e1gios e de aprendizagem;<br \/>\nd) Manter contato com os candidatos para poss\u00edvel contrata\u00e7\u00e3o ou ainda para informar o andamento de seu processo seletivo;<br \/>\ne) Os e-mails, contatos telef\u00f4nicos e redes sociais poder\u00e3o ser utilizados para entrarmos em contato com voc\u00ea para informar sobre vagas em aberto, eventos, servi\u00e7os dispon\u00edveis e tamb\u00e9m para publicidade;<br \/>\nf) Apurar informa\u00e7\u00f5es estat\u00edsticas e de padr\u00e3o comportamental (analytics);<br \/>\ng) Para realiza\u00e7\u00e3o de avalia\u00e7\u00f5es e treinamentos;<br \/>\nh) Viabilizar a participa\u00e7\u00e3o do candidato em processos seletivos;<br \/>\ni) Viabilizar os tr\u00e2mites contratuais conforme a modalidade de contrata\u00e7\u00e3o, caso o candidato seja selecionado por uma das empresas.<br \/>\nj) No caso de est\u00e1gio, formalizar tamb\u00e9m o contrato junto \u00e0 institui\u00e7\u00e3o de ensino;<br \/>\nk) Envio de documenta\u00e7\u00e3o para as empresas, para formaliza\u00e7\u00e3o da contrata\u00e7\u00e3o;<br \/>\nl) Controle de realiza\u00e7\u00e3o de avali\u00e7\u00f5es e de treinamentos, bem como para emiss\u00e3o de pareceres e certificados.<br \/>\nm) Os dados coletados quando preenchido o \u201cFormul\u00e1rio de Contato\u201d s\u00e3o apenas para possibilitar que a empresa entre em contato para solucionar suas d\u00favidas.<\/p>\n<p><strong>DOS DADOS PESSOAIS COLETADOS<\/strong><\/p>\n<p>Para atender as finalidades informadas, coletamos seus dados pelo nosso site, pelo e-mail: <a href=\"mailto:perfil@assessoriaperfilrh.com.br\">perfil@assessoriaperfilrh.com.br<\/a> ou ainda de forma f\u00edsica no endere\u00e7o de nossa matriz (Avenida Brasil, n\u00ba 50, sala 305, Centro, munic\u00edpio de Port\u00e3o &#8211; RS), os quais voc\u00ea nos fornece, de forma espont\u00e2nea, ao preencher o formul\u00e1rio do site ou ainda ao entregar o curr\u00edculo de forma f\u00edsica ou eletr\u00f4nica para o e-mail: <a href=\"mailto:perfil@assessoriaperfilrh.com.br\">perfil@assessoriaperfilrh.com.br<\/a>, j\u00e1 preenchido pelo candidato.<\/p>\n<p>Em atendimento ao dever de transpar\u00eancia e informa\u00e7\u00e3o, a empresa Perfil esclarece que o tratamento de dados pessoais \u00e9 baseado no consentimento dado pelo candidato ao nos fornecer seu curr\u00edculo, bem como para cumprimento de obriga\u00e7\u00e3o legal e execu\u00e7\u00e3o de contrato em rela\u00e7\u00e3o \u00e0 formaliza\u00e7\u00e3o da contrata\u00e7\u00e3o quando o candidato for selecionado para preencher alguma vaga em aberto, oferecida pela nossa empresa, parceiros e clientes.<\/p>\n<p>Para atender as finalidades acima, a Perfil poder\u00e1 obter informa\u00e7\u00f5es de candidatos atrav\u00e9s de sites que o candidato informe ter interesse em alguma vaga, como, por exemplo, o LinkedIn ou qualquer outro site ou redes sociais que possa fornecer informa\u00e7\u00f5es de candidatos.<\/p>\n<p>A Perfil n\u00e3o coleta dados pessoais que n\u00e3o s\u00e3o necess\u00e1rios para a presta\u00e7\u00e3o de seus servi\u00e7os. Em raz\u00e3o disso, pedimos que sejam fornecidos apenas os dados essenciais para manuten\u00e7\u00e3o da rela\u00e7\u00e3o.<\/p>\n<p><strong>COMO A PERFIL PROTEGE SEUS DADOS<\/strong><\/p>\n<p>A empresa mant\u00e9m um ambiente controlado e de seguran\u00e7a para os dados pessoais coletados, em servidor pr\u00f3prio e eventualmente em ambientes de nuvem localizados no Brasil ou no exterior, de empresas fornecedoras de softwares a fim de melhorar o servi\u00e7o para nossos usu\u00e1rios. Os dados s\u00e3o mantidos at\u00e9 atingir a finalidade, e o titular dos dados tem o direito de a qualquer momento solicitar a exclus\u00e3o dos dados do sistema, salvo quando necess\u00e1rio para manuten\u00e7\u00e3o da rela\u00e7\u00e3o entre as partes e nas hip\u00f3teses autorizadas pela legisla\u00e7\u00e3o.<\/p>\n<p>Os dados coletados e tratados s\u00e3o mantidos em sigilo, tendo acesso aqueles autorizados para tratar os dados, bem como aqueles mencionados no item do \u201cCompartilhamento de dados pessoais\u201d.<\/p>\n<p><strong>DOS DIREITOS DOS TITULARES<\/strong><\/p>\n<p>Nos termos da Lei Geral de Prote\u00e7\u00e3o de dados, o titular dos dados tem o direito de:<\/p>\n<p>a) Confirmar a exist\u00eancia de coleta e tratamento de dados;<br \/>\nb) Acesso aos dados coletados pela empresa;<br \/>\nc) Postular a corre\u00e7\u00e3o de dados incompletos, inexatos ou desatualizados;<br \/>\nd) Postular anonimiza\u00e7\u00e3o ou elimina\u00e7\u00e3o de dados que n\u00e3o s\u00e3o necess\u00e1rios;<br \/>\ne) Elimina\u00e7\u00e3o dos dados anteriormente informados pelo titular, com exce\u00e7\u00e3o \u00e0s hip\u00f3teses previstas na legisla\u00e7\u00e3o, tais como por pedido de autoridades p\u00fablicas.<\/p>\n<p>No caso de pedido de elimina\u00e7\u00e3o dos dados, o candidato fica ciente de que n\u00e3o ser\u00e1 mais ofertada nenhuma vaga de emprego eventualmente existente na empresa.<\/p>\n<p>A qualquer momento, o candidato poder\u00e1 novamente se cadastrar, mesmo que anteriormente tenha pedido a elimina\u00e7\u00e3o dos seus dados coletados pela empresa.<\/p>\n<p>O candidato dever\u00e1, por meio online ou f\u00edsico, requerer, expressamente, para empresa qualquer informa\u00e7\u00e3o relativa aos itens mencionados, seja para informa\u00e7\u00f5es ou para exclus\u00e3o dos dados, podendo ser preenchido ainda o formul\u00e1rio existente em nosso site.<\/p>\n<p>Ap\u00f3s pedido de informa\u00e7\u00f5es de exist\u00eancia de dados pelo titular, a empresa ter\u00e1 o prazo de 15 (quinze) dias para informar se existe algum registro em seu nome e qual a finalidade espec\u00edfica para coleta e tratamento desses dados.<\/p>\n<p>Fica resguardado o interesse p\u00fablico de manter os dados, a fim de continuar o tratamento dos dados, quando outra base legal suprir o consentimento necess\u00e1rio, mesmo quando h\u00e1 pedido de elimina\u00e7\u00e3o por parte do titular.<\/p>\n<p>\u00c9 de responsabilidade do candidato ou de seus pais (ou respons\u00e1vel legal), no caso de menor de idade, prestar informa\u00e7\u00f5es corretas, verdadeiras, aut\u00eanticas, completas e atualizadas para que seja poss\u00edvel a manuten\u00e7\u00e3o da rela\u00e7\u00e3o entre a empresa e seus parceiros\/clientes.<\/p>\n<p>A empresa Perfil n\u00e3o se responsabiliza pela corre\u00e7\u00e3o, veracidade, autenticidade e atualiza\u00e7\u00e3o dos dados informados pelo titular, bem como n\u00e3o se responsabiliza pelas informa\u00e7\u00f5es publicadas pelos titulares que n\u00e3o condizem com a realidade.<\/p>\n<p><strong>DO COMPARTILHAMENTO DE DADOS PESSOAIS<\/strong><\/p>\n<p>Em raz\u00e3o do tipo de servi\u00e7o prestado pela empresa Perfil, seus dados ser\u00e3o compartilhados com as empresas que, eventualmente, possu\u00edrem vagas de emprego, seja na \u00e1rea selecionada pelo candidato ou na vaga que a empresa Perfil entenda que o candidato se enquadre ou ainda com as empresas clientes ou parceiras para a formaliza\u00e7\u00e3o de processos de avalia\u00e7\u00f5es, assim como para a participa\u00e7\u00e3o em cursos, treinamentos ou programas de desenvolvimento.<\/p>\n<p>Em rela\u00e7\u00e3o ao est\u00e1gio, as informa\u00e7\u00f5es ser\u00e3o compartilhadas com a respectiva institui\u00e7\u00e3o de ensino, bem como com a empresa que contratou o estagi\u00e1rio.<\/p>\n<p>Os dados ainda poder\u00e3o ser compartilhados com autoridades p\u00fablicas, institui\u00e7\u00f5es financeiras, de sa\u00fade ocupacional, seguradoras e internamente na empresa, sempre respeitando a legisla\u00e7\u00e3o de prote\u00e7\u00e3o de dados.<\/p>\n<p>A empresa Perfil n\u00e3o compartilhar\u00e1 os dados dos titulares com terceiros alheios \u00e0 rela\u00e7\u00e3o de recrutamento e sele\u00e7\u00e3o e est\u00e1gio, programas de aprendizagem, treinamento e avalia\u00e7\u00f5es.<\/p>\n<p>Os dados tamb\u00e9m poder\u00e3o ser compartilhados com prestadores de servi\u00e7os terceirizados, tais como sistemas de softwares para gest\u00e3o de processos e gerenciamento da empresa, sendo que essas empresas estar\u00e3o comprometidas a manter o sigilo e privacidade dos dados dos titulares.<\/p>\n<p>Os dados poder\u00e3o ser compartilhados sem consentimento do titular para exerc\u00edcio regular de direitos, inclusive em contrato e em processo judicial, administrativo e arbitral, prote\u00e7\u00e3o da vida ou da incolumidade f\u00edsica do titular ou de terceiros, cumprimento de obriga\u00e7\u00e3o legal ou regulat\u00f3ria pelo controlador e demais hip\u00f3teses autorizadas legalmente.<\/p>\n<p>Ainda poder\u00e3o ser compartilhados com terceiros mediante ordem judicial ou solicita\u00e7\u00e3o da Autoridade Nacional de Prote\u00e7\u00e3o de Dados, ou qualquer outra autoridade a fim de cumprimento de obriga\u00e7\u00f5es legais.<\/p>\n<p><strong>DADOS DE MENORES DE IDADE<\/strong><\/p>\n<p>A empresa Perfil poder\u00e1 coletar dados de menores a partir de 16 anos ou ainda em car\u00e1ter excepcional menores a partir de 14 anos, na condi\u00e7\u00e3o de aprendiz; no entanto, aos cadastros de menores de idade dever\u00e1 ser juntada uma autoriza\u00e7\u00e3o de pais ou respons\u00e1vel para que a empresa possa fazer a coleta e tratamento dos dados pessoais do menor.<\/p>\n<p>A autoriza\u00e7\u00e3o poder\u00e1 ser anexada no formul\u00e1rio existente em nosso site ou ainda presencialmente no endere\u00e7o Avenida Brasil, n\u00ba 50, sala 305, Centro, munic\u00edpio de Port\u00e3o &#8211; RS<strong>. <\/strong>A empresa fornece um modelo de autoriza\u00e7\u00e3o que pode ser localizado em nosso site <a href=\"https:\/\/www.assessoriaperfilrh.com.br\/tcp.docx\">clicando aqui<\/a>.<\/p>\n<p>Juntamente com a autoriza\u00e7\u00e3o dos pais ou respons\u00e1veis, dever\u00e1 ser anexado ou entregue documento pessoal para que a empresa possa averiguar a veracidade da autoriza\u00e7\u00e3o. Os dados de pais ou respons\u00e1veis ser\u00e3o armazenados, especificamente, para garantia da autoriza\u00e7\u00e3o de coleta e tratamento de dados da crian\u00e7a ou adolescente.<\/p>\n<p><strong>DO PRAZO DE TRATAMENTO DOS DADOS<\/strong><\/p>\n<p>Os dados ser\u00e3o coletados por prazo indeterminado, tendo em vista o tipo de servi\u00e7o prestado pela empresa Perfil. Caso voc\u00ea n\u00e3o tenha mais interesse que a Perfil forne\u00e7a seu curr\u00edculo para empresas, voc\u00ea dever\u00e1 enviar um requerimento de exclus\u00e3o de dados.<\/p>\n<p>Os dados poder\u00e3o n\u00e3o ser exclu\u00eddos caso haja interesse na continuidade da rela\u00e7\u00e3o ou se ainda houver um contrato de trabalho em execu\u00e7\u00e3o, em que a empresa Perfil precise prestar informa\u00e7\u00f5es para alguma autoridade.<\/p>\n<p><strong>DOS COOKIES<\/strong><\/p>\n<p>Os cookies s\u00e3o utilizados de forma a melhorar o desempenho e sua experi\u00eancia ao utilizar nosso site.<\/p>\n<p>Os cookies utilizados pelo site n\u00e3o recolhem informa\u00e7\u00f5es pessoais do usu\u00e1rio. O presente site utiliza o Google Analytics:<\/p>\n<p>\u201cO Google Analytics \u00e9 uma ferramenta simples e f\u00e1cil de usar que ajuda os propriet\u00e1rios de sites a avaliar a intera\u00e7\u00e3o dos usu\u00e1rios com o conte\u00fado deles. Conforme o usu\u00e1rio navega pelas p\u00e1ginas da Web, o Google Analytics fornece tags JavaScript (bibliotecas) aos propriet\u00e1rios dos sites para que eles registrem informa\u00e7\u00f5es sobre a p\u00e1gina visitada (por exemplo, o URL dela). As bibliotecas JavaScript do Google Analytics usam\u00a0<a href=\"https:\/\/en.wikipedia.org\/wiki\/HTTP_cookie\">cookies HTTP<\/a>\u00a0para armazenar as intera\u00e7\u00f5es ou a\u00e7\u00f5es anteriores do usu\u00e1rio nas p\u00e1ginas do site.\u201d<\/p>\n<p>Se voc\u00ea quiser saber mais como funciona os cookies do Google Analytics, \u00e9 s\u00f3 acessar: <a href=\"https:\/\/developers.google.com\/analytics\/devguides\/collection\/analyticsjs\/cookie-usage?hl=pt-br\" target=\"_blank\" rel=\"noopener noreferrer\">https:\/\/developers.google.com\/analytics\/devguides\/collection\/analyticsjs\/cookie-usage?hl=pt-br<\/a><\/p>\n<p>N\u00e3o s\u00e3o utilizados outros cookies quando voc\u00ea visita nosso site.<\/p>\n<p><strong>ATUALIZA\u00c7\u00d5ES<\/strong><\/p>\n<p>A nossa Pol\u00edtica de Privacidade poder\u00e1 ser atualizada, sempre visando o melhor atendimento e prote\u00e7\u00e3o aos nossos clientes.<\/p>\n<p><strong>INFORMA\u00c7\u00d5ES ADICIONAIS<\/strong><\/p>\n<p>Esperamos que, com a nossa pol\u00edtica, voc\u00ea tenha conseguido entender o quanto estamos preocupados com a seguran\u00e7a dos seus dados pessoais e como \u00e9 feita a coleta e tratamento desses. Mas, se voc\u00ea ficou com alguma d\u00favida, \u00e9 s\u00f3 entrar em contato conosco atrav\u00e9s do nosso site ou ainda pelo telefone (51) 3562-1087.[\/vc_column_text][\/vc_column][\/vc_row]<\/p>\n","protected":false},"excerpt":{"rendered":"<p>[vc_row][vc_column][vc_column_text] POL\u00cdTICA DE PRIVACIDADE \u2013 PERFIL SERVI\u00c7OS EMPRESARIAIS EIRELI A empresa Perfil Servi\u00e7os Empresariais Ltda., inscrita no CNPJ n\u00ba 20.390.145\/0001-53, localizada na Avenida Brasil, n\u00ba 50, sala 305, Centro, na&#8230;<\/p>\n","protected":false},"author":3,"featured_media":0,"parent":0,"menu_order":0,"comment_status":"closed","ping_status":"closed","template":"","meta":[],"_links":{"self":[{"href":"http:\/\/assessoriaperfilrh.com.br\/cms\/wp-json\/wp\/v2\/pages\/6953"}],"collection":[{"href":"http:\/\/assessoriaperfilrh.com.br\/cms\/wp-json\/wp\/v2\/pages"}],"about":[{"href":"http:\/\/assessoriaperfilrh.com.br\/cms\/wp-json\/wp\/v2\/types\/page"}],"author":[{"embeddable":true,"href":"http:\/\/assessoriaperfilrh.com.br\/cms\/wp-json\/wp\/v2\/users\/3"}],"replies":[{"embeddable":true,"href":"http:\/\/assessoriaperfilrh.com.br\/cms\/wp-json\/wp\/v2\/comments?post=6953"}],"version-history":[{"count":10,"href":"http:\/\/assessoriaperfilrh.com.br\/cms\/wp-json\/wp\/v2\/pages\/6953\/revisions"}],"predecessor-version":[{"id":7042,"href":"http:\/\/assessoriaperfilrh.com.br\/cms\/wp-json\/wp\/v2\/pages\/6953\/revisions\/7042"}],"wp:attachment":[{"href":"http:\/\/assessoriaperfilrh.com.br\/cms\/wp-json\/wp\/v2\/media?parent=6953"}],"curies":[{"name":"wp","href":"https:\/\/api.w.org\/{rel}","templated":true}]}}