{"id":7050,"date":"2021-02-19T14:57:19","date_gmt":"2021-02-19T17:57:19","guid":{"rendered":"http:\/\/assessoriaperfilrh.com.br\/cms\/?page_id=7050"},"modified":"2021-02-19T15:02:35","modified_gmt":"2021-02-19T18:02:35","slug":"quero-me-candidatar","status":"publish","type":"page","link":"http:\/\/assessoriaperfilrh.com.br\/cms\/quero-me-candidatar\/","title":{"rendered":"Quero me Candidatar"},"content":{"rendered":"<p>[vc_row][vc_column][vc_column_text]Use o formul\u00e1rio abaixo para enviar o seu curr\u00edculo e candidatar-se \u00e0 vaga de seu interesse.<\/p>\n<p>Em breve, teremos novidades em nosso site para agilizar nossos canais de atendimento.<\/p>\n<p>Caso necessite de dicas e de um modelo para elaborar seu curr\u00edculo, <strong><a href=\"http:\/\/assessoriaperfilrh.com.br\/cms\/8-dicas-para-elaborar-um-bom-curriculo\/\">clique aqui<\/a><\/strong>.[\/vc_column_text][\/vc_column][\/vc_row][vc_row][vc_column width=&#8221;1\/3&#8243;][vc_column_text]<div role=\"form\" class=\"wpcf7\" id=\"wpcf7-f7039-o1\" lang=\"pl-PL\" dir=\"ltr\">\n<div class=\"screen-reader-response\"><p role=\"status\" aria-live=\"polite\" aria-atomic=\"true\"><\/p> <ul><\/ul><\/div>\n<form action=\"\/cms\/wp-json\/wp\/v2\/pages\/7050#wpcf7-f7039-o1\" method=\"post\" class=\"wpcf7-form init\" enctype=\"multipart\/form-data\" novalidate=\"novalidate\" data-status=\"init\">\n<div style=\"display: none;\">\n<input type=\"hidden\" name=\"_wpcf7\" value=\"7039\" \/>\n<input type=\"hidden\" name=\"_wpcf7_version\" value=\"5.3\" \/>\n<input type=\"hidden\" name=\"_wpcf7_locale\" value=\"pl_PL\" \/>\n<input type=\"hidden\" name=\"_wpcf7_unit_tag\" value=\"wpcf7-f7039-o1\" \/>\n<input type=\"hidden\" name=\"_wpcf7_container_post\" value=\"0\" \/>\n<input type=\"hidden\" name=\"_wpcf7_posted_data_hash\" value=\"\" \/>\n<\/div>\n<fieldset>\n<p><label><strong>T\u00edtulo da Vaga *<\/strong><\/label><span class=\"wpcf7-form-control-wrap titulo\"><input type=\"text\" name=\"titulo\" value=\"\" size=\"40\" class=\"wpcf7-form-control wpcf7-text wpcf7-validates-as-required\" aria-required=\"true\" aria-invalid=\"false\" \/><\/span><br \/>\n<label><strong>Nome *<\/strong><\/label><span class=\"wpcf7-form-control-wrap nome\"><input type=\"text\" name=\"nome\" value=\"\" size=\"40\" class=\"wpcf7-form-control wpcf7-text wpcf7-validates-as-required\" aria-required=\"true\" aria-invalid=\"false\" \/><\/span><br \/>\n<label><strong>E-mail *<\/strong><\/label><span class=\"wpcf7-form-control-wrap email\"><input type=\"email\" name=\"email\" value=\"\" size=\"40\" class=\"wpcf7-form-control wpcf7-text wpcf7-email wpcf7-validates-as-required wpcf7-validates-as-email\" aria-required=\"true\" aria-invalid=\"false\" \/><\/span><br \/>\n<label><strong>Anexe o seu Curr\u00edculo em formato .pdf *<\/strong><\/label><span class=\"wpcf7-form-control-wrap anexo\"><input type=\"file\" name=\"anexo\" size=\"40\" class=\"wpcf7-form-control wpcf7-file wpcf7-validates-as-required\" accept=\".pdf\" aria-required=\"true\" aria-invalid=\"false\" \/><\/span> <\/p>\n<p><br><\/p>\n<p>* Campos obrigat\u00f3rios<\/p>\n<p><br><\/p>\n<p><span class=\"wpcf7-form-control-wrap confirmo\"><span class=\"wpcf7-form-control wpcf7-acceptance\"><span class=\"wpcf7-list-item\"><input type=\"checkbox\" name=\"confirmo\" value=\"1\" aria-invalid=\"false\" \/><\/span><\/span><\/span> Confirmo que os dados acima s\u00e3o verdadeiros<br \/>\n<span class=\"wpcf7-form-control-wrap aceito\"><span class=\"wpcf7-form-control wpcf7-acceptance\"><span class=\"wpcf7-list-item\"><input type=\"checkbox\" name=\"aceito\" value=\"1\" aria-invalid=\"false\" \/><\/span><\/span><\/span> Concordo com a <a href=\"http:\/\/assessoriaperfilrh.com.br\/cms\/politica-de-privacidade\/\">Pol\u00edtica de Privacidade<\/a><\/p>\n<p><br><\/p>\n<\/fieldset>\n<p><input type=\"submit\" value=\"Enviar Curr\u00edculo\" class=\"wpcf7-form-control wpcf7-submit\" \/><\/p>\n<div class=\"clear\"><\/div>\n<div class=\"wpcf7-response-output\" aria-hidden=\"true\"><\/div><\/form><\/div>[\/vc_column_text][\/vc_column][vc_column width=&#8221;1\/3&#8243;][\/vc_column][vc_column width=&#8221;1\/3&#8243;][\/vc_column][\/vc_row]<\/p>\n","protected":false},"excerpt":{"rendered":"<p>[vc_row][vc_column][vc_column_text]Use o formul\u00e1rio abaixo para enviar o seu curr\u00edculo e candidatar-se \u00e0 vaga de seu interesse. Em breve, teremos novidades em nosso site para agilizar nossos canais de atendimento. Caso&#8230;<\/p>\n","protected":false},"author":3,"featured_media":0,"parent":0,"menu_order":0,"comment_status":"closed","ping_status":"closed","template":"","meta":[],"_links":{"self":[{"href":"http:\/\/assessoriaperfilrh.com.br\/cms\/wp-json\/wp\/v2\/pages\/7050"}],"collection":[{"href":"http:\/\/assessoriaperfilrh.com.br\/cms\/wp-json\/wp\/v2\/pages"}],"about":[{"href":"http:\/\/assessoriaperfilrh.com.br\/cms\/wp-json\/wp\/v2\/types\/page"}],"author":[{"embeddable":true,"href":"http:\/\/assessoriaperfilrh.com.br\/cms\/wp-json\/wp\/v2\/users\/3"}],"replies":[{"embeddable":true,"href":"http:\/\/assessoriaperfilrh.com.br\/cms\/wp-json\/wp\/v2\/comments?post=7050"}],"version-history":[{"count":3,"href":"http:\/\/assessoriaperfilrh.com.br\/cms\/wp-json\/wp\/v2\/pages\/7050\/revisions"}],"predecessor-version":[{"id":7053,"href":"http:\/\/assessoriaperfilrh.com.br\/cms\/wp-json\/wp\/v2\/pages\/7050\/revisions\/7053"}],"wp:attachment":[{"href":"http:\/\/assessoriaperfilrh.com.br\/cms\/wp-json\/wp\/v2\/media?parent=7050"}],"curies":[{"name":"wp","href":"https:\/\/api.w.org\/{rel}","templated":true}]}}