{"id":6156,"date":"2015-10-21T23:22:41","date_gmt":"2015-10-21T21:22:41","guid":{"rendered":"http:\/\/themes.loc\/workscout\/jobs\/"},"modified":"2020-10-08T15:00:38","modified_gmt":"2020-10-08T18:00:38","slug":"oportunidades","status":"publish","type":"page","link":"https:\/\/assessoriaperfilrh.com.br\/cms\/oportunidades\/","title":{"rendered":"Oportunidades"},"content":{"rendered":"<div class=\"job_listings \" data-location=\"\" data-keywords=\"\" data-show_filters=\"true\" data-show_pagination=\"true\" data-job_types=\"\" data-per_page=\"10\" data-orderby=\"featured\" data-order=\"DESC\" data-categories=\"\" >\n<form class=\"job_filters\">\n\t\n\t<div class=\"search_jobs\">\n\t\t\n\t\t<div class=\"search_keywords\">\n\t\t\t<label for=\"search_keywords\">Palavras-chave<\/label>\n\t\t\t<input type=\"text\" name=\"search_keywords\" id=\"search_keywords\" placeholder=\"Palavras-chave\" value=\"\" \/>\n\t\t<\/div>\n\n\t\t<div class=\"search_location\">\n\t\t\t<label for=\"search_location\">Localiza\u00e7\u00e3o<\/label>\n\t\t\t<input type=\"text\" name=\"search_location\" id=\"search_location\" placeholder=\"Localiza\u00e7\u00e3o\" value=\"\" \/>\n\t\t<\/div>\n\n\t\t<div style=\"clear: both\"><\/div>\n\n\t\t\n\t\t\t\t\t<div class=\"search_submit\">\n\t\t\t\t<input type=\"submit\" value=\"Search Jobs\">\n\t\t\t<\/div>\n\t\t\n\t\t\t<\/div>\n\n\t\n\t<ul class=\"job_types checkboxes\">\n\t\t\t\t\t<li>\n\t\t\t\t<input type=\"checkbox\" name=\"filter_job_type[]\" value=\"clt\"  checked='checked' id=\"job_type_clt\" \/>\n\t\t\t\t<label for=\"job_type_clt\" class=\"clt\"> CLT<\/label>\n\t\t\t<\/li>\n\t\t\t\t\t<li>\n\t\t\t\t<input type=\"checkbox\" name=\"filter_job_type[]\" value=\"estagiario\"  checked='checked' id=\"job_type_estagiario\" \/>\n\t\t\t\t<label for=\"job_type_estagiario\" class=\"estagiario\"> Estagi\u00e1rio<\/label>\n\t\t\t<\/li>\n\t\t\t<\/ul>\n\t<input type=\"hidden\" name=\"filter_job_type[]\" value=\"\" \/>\n<div class=\"showing_jobs\"><\/div><\/form>\n\n\n<noscript>Seu navegador n\u00e3o suporta JavaScript ou est\u00e1 desativado. JavaScript deve estar habilitado para exibir an\u00fancios.<\/noscript>\n<ul class=\"job_listings job-list full \tnew-layout \">\n<\/ul>\n<\/div>\n","protected":false},"excerpt":{"rendered":"Palavras-chave Localiza\u00e7\u00e3o CLT Estagi\u00e1rio Seu navegador n\u00e3o suporta JavaScript ou est\u00e1 desativado. JavaScript deve estar habilitado para exibir an\u00fancios.","protected":false},"author":4,"featured_media":0,"parent":0,"menu_order":0,"comment_status":"closed","ping_status":"closed","template":"","meta":[],"_links":{"self":[{"href":"https:\/\/assessoriaperfilrh.com.br\/cms\/wp-json\/wp\/v2\/pages\/6156"}],"collection":[{"href":"https:\/\/assessoriaperfilrh.com.br\/cms\/wp-json\/wp\/v2\/pages"}],"about":[{"href":"https:\/\/assessoriaperfilrh.com.br\/cms\/wp-json\/wp\/v2\/types\/page"}],"author":[{"embeddable":true,"href":"https:\/\/assessoriaperfilrh.com.br\/cms\/wp-json\/wp\/v2\/users\/4"}],"replies":[{"embeddable":true,"href":"https:\/\/assessoriaperfilrh.com.br\/cms\/wp-json\/wp\/v2\/comments?post=6156"}],"version-history":[{"count":1,"href":"https:\/\/assessoriaperfilrh.com.br\/cms\/wp-json\/wp\/v2\/pages\/6156\/revisions"}],"predecessor-version":[{"id":6580,"href":"https:\/\/assessoriaperfilrh.com.br\/cms\/wp-json\/wp\/v2\/pages\/6156\/revisions\/6580"}],"wp:attachment":[{"href":"https:\/\/assessoriaperfilrh.com.br\/cms\/wp-json\/wp\/v2\/media?parent=6156"}],"curies":[{"name":"wp","href":"https:\/\/api.w.org\/{rel}","templated":true}]}}