{"id":6424,"date":"2020-09-21T19:35:17","date_gmt":"2020-09-21T19:35:17","guid":{"rendered":"http:\/\/c2lweb.com.br\/layout\/?page_id=6424"},"modified":"2021-02-10T17:36:12","modified_gmt":"2021-02-10T20:36:12","slug":"quem-somos","status":"publish","type":"page","link":"https:\/\/assessoriaperfilrh.com.br\/cms\/quem-somos\/","title":{"rendered":"Quem Somos"},"content":{"rendered":"<p>[vc_row][vc_column width=&#8221;1\/2&#8243;][vc_single_image image=&#8221;6994&#8243; img_size=&#8221;full&#8221;][\/vc_column][vc_column width=&#8221;1\/2&#8243;][vc_column_text]<strong>Nossa miss\u00e3o<\/strong><b><br \/>\n<\/b>Somos uma assessoria fundada em 26 de setembro de 2005 com a miss\u00e3o de promover a melhoria da gest\u00e3o de Recursos Humanos nas organiza\u00e7\u00f5es, contribuindo no seu desenvolvimento e capacita\u00e7\u00e3o.<\/p>\n<p><strong>Nossa vis\u00e3o<\/strong><b><br \/>\n<\/b>Consolidar a Perfil Assessoria em Recursos Humanos como empresa de refer\u00eancia em presta\u00e7\u00e3o de servi\u00e7os na \u00e1rea organizacional.<\/p>\n<p><strong>Nosso valores<\/strong><br \/>\n#\u00c9tica<br \/>\n#Transpar\u00eancia<br \/>\n#Responsabilidade<br \/>\n#Respeito ao ser humano<br \/>\n#Foco no cliente<br \/>\n#Busca de resultados<\/p>\n<p><strong>Nossa equipe<\/strong><b><br \/>\n<\/b>Nossa equipe \u00e9 composta por profissionais com s\u00f3lida experi\u00eancia e qualifica\u00e7\u00e3o nos processos de gest\u00e3o de pessoas de empresas de diferentes portes e segmentos, engajados no prop\u00f3sito de atender com excel\u00eancia nossos clientes.<\/p>\n<p><strong>Nossa pol\u00edtica de compliance<\/strong><b><br \/>\n<\/b>Nossa prioridade \u00e9 atuar sempre guiados pelos valores que nos definem, orientados pela transpar\u00eancia e pelo cumprimento dos requisitos legais pertinentes a nossas pr\u00e1ticas e ramo de atua\u00e7\u00e3o, inclusive em conformidade com a LGPD &#8211; Lei Geral de Prote\u00e7\u00e3o de Dados (Lei n\u00ba 13.709\/2018).[\/vc_column_text][\/vc_column][\/vc_row]<\/p>\n","protected":false},"excerpt":{"rendered":"<p>[vc_row][vc_column width=&#8221;1\/2&#8243;][vc_single_image image=&#8221;6994&#8243; img_size=&#8221;full&#8221;][\/vc_column][vc_column width=&#8221;1\/2&#8243;][vc_column_text]Nossa miss\u00e3o Somos uma assessoria fundada em 26 de setembro de 2005 com a miss\u00e3o de promover a melhoria da gest\u00e3o de Recursos Humanos nas organiza\u00e7\u00f5es,&#8230;<\/p>\n","protected":false},"author":4,"featured_media":0,"parent":0,"menu_order":0,"comment_status":"closed","ping_status":"closed","template":"","meta":[],"_links":{"self":[{"href":"https:\/\/assessoriaperfilrh.com.br\/cms\/wp-json\/wp\/v2\/pages\/6424"}],"collection":[{"href":"https:\/\/assessoriaperfilrh.com.br\/cms\/wp-json\/wp\/v2\/pages"}],"about":[{"href":"https:\/\/assessoriaperfilrh.com.br\/cms\/wp-json\/wp\/v2\/types\/page"}],"author":[{"embeddable":true,"href":"https:\/\/assessoriaperfilrh.com.br\/cms\/wp-json\/wp\/v2\/users\/4"}],"replies":[{"embeddable":true,"href":"https:\/\/assessoriaperfilrh.com.br\/cms\/wp-json\/wp\/v2\/comments?post=6424"}],"version-history":[{"count":6,"href":"https:\/\/assessoriaperfilrh.com.br\/cms\/wp-json\/wp\/v2\/pages\/6424\/revisions"}],"predecessor-version":[{"id":6995,"href":"https:\/\/assessoriaperfilrh.com.br\/cms\/wp-json\/wp\/v2\/pages\/6424\/revisions\/6995"}],"wp:attachment":[{"href":"https:\/\/assessoriaperfilrh.com.br\/cms\/wp-json\/wp\/v2\/media?parent=6424"}],"curies":[{"name":"wp","href":"https:\/\/api.w.org\/{rel}","templated":true}]}}