{"id":6845,"date":"2020-11-04T10:26:20","date_gmt":"2020-11-04T13:26:20","guid":{"rendered":"http:\/\/assessoriaperfilrh.com.br\/cms\/?page_id=6845"},"modified":"2024-04-26T13:49:03","modified_gmt":"2024-04-26T16:49:03","slug":"acesso-da-empresa","status":"publish","type":"page","link":"https:\/\/assessoriaperfilrh.com.br\/cms\/acesso-da-empresa\/","title":{"rendered":"Acesso das Empresas"},"content":{"rendered":"<p>[vc_row][vc_column][vc_column_text]Abra sua vaga preenchendo o formul\u00e1rio abaixo ou entre em contato pelo e-mail <a href=\"mailto:rh@assessoriaperfilrh.com.br\">rh@assessoriaperfilrh.com.br<\/a> ou pelo telefone (51) 3562.1087.<\/p>\n<p>Em breve, teremos novidades em nosso site para agilizar nossos canais de atendimento.[\/vc_column_text][\/vc_column][\/vc_row][vc_row][vc_column width=&#8221;1\/3&#8243;][vc_column_text]<div role=\"form\" class=\"wpcf7\" id=\"wpcf7-f7164-o1\" lang=\"pl-PL\" dir=\"ltr\">\n<div class=\"screen-reader-response\"><p role=\"status\" aria-live=\"polite\" aria-atomic=\"true\"><\/p> <ul><\/ul><\/div>\n<form action=\"\/cms\/wp-json\/wp\/v2\/pages\/6845#wpcf7-f7164-o1\" method=\"post\" class=\"wpcf7-form init\" novalidate=\"novalidate\" data-status=\"init\">\n<div style=\"display: none;\">\n<input type=\"hidden\" name=\"_wpcf7\" value=\"7164\" \/>\n<input type=\"hidden\" name=\"_wpcf7_version\" value=\"5.3\" \/>\n<input type=\"hidden\" name=\"_wpcf7_locale\" value=\"pl_PL\" \/>\n<input type=\"hidden\" name=\"_wpcf7_unit_tag\" value=\"wpcf7-f7164-o1\" \/>\n<input type=\"hidden\" name=\"_wpcf7_container_post\" value=\"0\" \/>\n<input type=\"hidden\" name=\"_wpcf7_posted_data_hash\" value=\"\" \/>\n<\/div>\n<fieldset>\n<p><label><strong>Raz\u00e3o Social *<\/strong><\/label><span class=\"wpcf7-form-control-wrap razaosocial\"><input type=\"text\" name=\"razaosocial\" value=\"\" size=\"40\" class=\"wpcf7-form-control wpcf7-text wpcf7-validates-as-required\" aria-required=\"true\" aria-invalid=\"false\" \/><\/span><br \/>\n<label><strong>CNPJ *<\/strong><\/label><span class=\"wpcf7-form-control-wrap cnpj\"><input type=\"text\" name=\"cnpj\" value=\"\" size=\"40\" class=\"wpcf7-form-control wpcf7-text wpcf7-validates-as-required\" aria-required=\"true\" aria-invalid=\"false\" \/><\/span><br \/>\n<label><strong>Nome Fantasia *<\/strong><\/label><span class=\"wpcf7-form-control-wrap nomefantasia\"><input type=\"text\" name=\"nomefantasia\" value=\"\" size=\"40\" class=\"wpcf7-form-control wpcf7-text wpcf7-validates-as-required\" aria-required=\"true\" aria-invalid=\"false\" \/><\/span><br \/>\n<label><strong>Representante *<\/strong><\/label><span class=\"wpcf7-form-control-wrap representante\"><input type=\"text\" name=\"representante\" value=\"\" size=\"40\" class=\"wpcf7-form-control wpcf7-text wpcf7-validates-as-required\" aria-required=\"true\" aria-invalid=\"false\" \/><\/span><br \/>\n<label><strong>Telefone *<\/strong><\/label><span class=\"wpcf7-form-control-wrap telefone\"><input type=\"text\" name=\"telefone\" value=\"\" size=\"40\" class=\"wpcf7-form-control wpcf7-text wpcf7-validates-as-required\" aria-required=\"true\" aria-invalid=\"false\" \/><\/span><br \/>\n<label><strong>E-mail *<\/strong><\/label><span class=\"wpcf7-form-control-wrap email\"><input type=\"email\" name=\"email\" value=\"\" size=\"40\" class=\"wpcf7-form-control wpcf7-text wpcf7-email wpcf7-validates-as-required wpcf7-validates-as-email\" aria-required=\"true\" aria-invalid=\"false\" \/><\/span><br \/>\n<label><strong>Endere\u00e7o *<\/strong><\/label><span class=\"wpcf7-form-control-wrap endereco\"><input type=\"text\" name=\"endereco\" value=\"\" size=\"40\" class=\"wpcf7-form-control wpcf7-text wpcf7-validates-as-required\" aria-required=\"true\" aria-invalid=\"false\" \/><\/span><br \/>\n<label><strong>Cargo *<\/strong><\/label><span class=\"wpcf7-form-control-wrap cargo\"><input type=\"text\" name=\"cargo\" value=\"\" size=\"40\" class=\"wpcf7-form-control wpcf7-text wpcf7-validates-as-required\" aria-required=\"true\" aria-invalid=\"false\" \/><\/span><br \/>\n<label><strong>Tipo de Contrato *<\/strong><\/label><span class=\"wpcf7-form-control-wrap contrato\"><select name=\"contrato\" class=\"wpcf7-form-control wpcf7-select wpcf7-validates-as-required\" aria-required=\"true\" aria-invalid=\"false\"><option value=\"\">---<\/option><option value=\"CLT\">CLT<\/option><option value=\"Est\u00e1gio\">Est\u00e1gio<\/option><\/select><\/span><br \/>\n<label><strong>\u00c1rea *<\/strong><\/label><span class=\"wpcf7-form-control-wrap area\"><input type=\"text\" name=\"area\" value=\"\" size=\"40\" class=\"wpcf7-form-control wpcf7-text wpcf7-validates-as-required\" aria-required=\"true\" aria-invalid=\"false\" \/><\/span><br \/>\n<label><strong>Data *<\/strong><\/label><span class=\"wpcf7-form-control-wrap data\"><input type=\"text\" name=\"data\" value=\"\" size=\"40\" class=\"wpcf7-form-control wpcf7-text wpcf7-validates-as-required\" aria-required=\"true\" aria-invalid=\"false\" \/><\/span><br \/>\n<label><strong>Jornada de Trabalho *<\/strong><\/label><span class=\"wpcf7-form-control-wrap jornada\"><input type=\"text\" name=\"jornada\" value=\"\" size=\"40\" class=\"wpcf7-form-control wpcf7-text wpcf7-validates-as-required\" aria-required=\"true\" aria-invalid=\"false\" \/><\/span><br \/>\n<label><strong>Sal\u00e1rio *<\/strong><\/label><span class=\"wpcf7-form-control-wrap salario\"><input type=\"text\" name=\"salario\" value=\"\" size=\"40\" class=\"wpcf7-form-control wpcf7-text wpcf7-validates-as-required\" aria-required=\"true\" aria-invalid=\"false\" \/><\/span><br \/>\n<label><strong>N\u00edvel de Ensino *<\/strong><\/label><span class=\"wpcf7-form-control-wrap escolaridade\"><select name=\"escolaridade\" class=\"wpcf7-form-control wpcf7-select wpcf7-validates-as-required\" aria-required=\"true\" aria-invalid=\"false\"><option value=\"\">---<\/option><option value=\"Doutorado Completo\">Doutorado Completo<\/option><option value=\"Doutorado Incompleto\">Doutorado Incompleto<\/option><option value=\"Mestrado Completo\">Mestrado Completo<\/option><option value=\"Mestrado Incompleto\">Mestrado Incompleto<\/option><option value=\"P\u00f3s-gradua\u00e7\u00e3o Completa\">P\u00f3s-gradua\u00e7\u00e3o Completa<\/option><option value=\"P\u00f3s-gradua\u00e7\u00e3o Incompleta\">P\u00f3s-gradua\u00e7\u00e3o Incompleta<\/option><option value=\"Superior Completo\">Superior Completo<\/option><option value=\"Superior Incompleto\">Superior Incompleto<\/option><option value=\"Ensino M\u00e9dio T\u00e9cnico (2\u00ba Grau) Completo\">Ensino M\u00e9dio T\u00e9cnico (2\u00ba Grau) Completo<\/option><option value=\"Ensino M\u00e9dio (2\u00ba Grau) Completo\">Ensino M\u00e9dio (2\u00ba Grau) Completo<\/option><option value=\"Ensino M\u00e9dio T\u00e9cnico (2\u00ba Grau) Incompleto\">Ensino M\u00e9dio T\u00e9cnico (2\u00ba Grau) Incompleto<\/option><option value=\"Ensino M\u00e9dio (2\u00ba Grau) Incompleto\">Ensino M\u00e9dio (2\u00ba Grau) Incompleto<\/option><option value=\"Ensino Fundamental (1\u00ba Grau) Completo\">Ensino Fundamental (1\u00ba Grau) Completo<\/option><option value=\"Ensino Fundamental (1\u00ba Grau) Incompleto\">Ensino Fundamental (1\u00ba Grau) Incompleto<\/option><option value=\"N\u00e3o Alfabetizado\">N\u00e3o Alfabetizado<\/option><\/select><\/span><br \/>\n<label><strong>Descri\u00e7\u00e3o de Atividades *<\/strong><\/label><span class=\"wpcf7-form-control-wrap atividades\"><textarea name=\"atividades\" cols=\"40\" rows=\"10\" class=\"wpcf7-form-control wpcf7-textarea wpcf7-validates-as-required\" aria-required=\"true\" aria-invalid=\"false\"><\/textarea><\/span><br \/>\n<label><strong>Requisitos *<\/strong><\/label><span class=\"wpcf7-form-control-wrap requisitos\"><textarea name=\"requisitos\" cols=\"40\" rows=\"10\" class=\"wpcf7-form-control wpcf7-textarea wpcf7-validates-as-required\" aria-required=\"true\" aria-invalid=\"false\"><\/textarea><\/span><br \/>\n<label><strong>Benef\u00edcios *<\/strong><\/label><span class=\"wpcf7-form-control-wrap beneficios\"><textarea name=\"beneficios\" cols=\"40\" rows=\"10\" class=\"wpcf7-form-control wpcf7-textarea wpcf7-validates-as-required\" aria-required=\"true\" aria-invalid=\"false\"><\/textarea><\/span><br \/>\n<label><strong>Observa\u00e7\u00f5es<\/strong><\/label><span class=\"wpcf7-form-control-wrap observacoes\"><textarea name=\"observacoes\" cols=\"40\" rows=\"10\" class=\"wpcf7-form-control wpcf7-textarea\" aria-invalid=\"false\"><\/textarea><\/span><\/p>\n<p><br><\/p>\n<p>* Campos obrigat\u00f3rios<\/p>\n<p><br><\/p>\n<p><span class=\"wpcf7-form-control-wrap confirmo\"><span class=\"wpcf7-form-control wpcf7-acceptance\"><span class=\"wpcf7-list-item\"><input type=\"checkbox\" name=\"confirmo\" value=\"1\" aria-invalid=\"false\" \/><\/span><\/span><\/span> Confirmo que os dados acima s\u00e3o verdadeiros<br \/>\n<span class=\"wpcf7-form-control-wrap aceito\"><span class=\"wpcf7-form-control wpcf7-acceptance\"><span class=\"wpcf7-list-item\"><input type=\"checkbox\" name=\"aceito\" value=\"1\" aria-invalid=\"false\" \/><\/span><\/span><\/span> Concordo com a <a href=\"http:\/\/assessoriaperfilrh.com.br\/cms\/politica-de-privacidade\/\">Pol\u00edtica de Privacidade<\/a><\/p>\n<p><br><\/p>\n<\/fieldset>\n<p><input type=\"submit\" value=\"Enviar Vaga\" class=\"wpcf7-form-control wpcf7-submit\" \/><\/p>\n<div class=\"clear\"><\/div>\n<div class=\"wpcf7-response-output\" aria-hidden=\"true\"><\/div><\/form><\/div>[\/vc_column_text][\/vc_column][vc_column width=&#8221;1\/3&#8243;][\/vc_column][vc_column width=&#8221;1\/3&#8243;][\/vc_column][\/vc_row]<\/p>\n","protected":false},"excerpt":{"rendered":"<p>[vc_row][vc_column][vc_column_text]Abra sua vaga preenchendo o formul\u00e1rio abaixo ou entre em contato pelo e-mail rh@assessoriaperfilrh.com.br ou pelo telefone (51) 3562.1087. Em breve, teremos novidades em nosso site para agilizar nossos canais&#8230;<\/p>\n","protected":false},"author":3,"featured_media":0,"parent":0,"menu_order":0,"comment_status":"closed","ping_status":"closed","template":"","meta":[],"_links":{"self":[{"href":"https:\/\/assessoriaperfilrh.com.br\/cms\/wp-json\/wp\/v2\/pages\/6845"}],"collection":[{"href":"https:\/\/assessoriaperfilrh.com.br\/cms\/wp-json\/wp\/v2\/pages"}],"about":[{"href":"https:\/\/assessoriaperfilrh.com.br\/cms\/wp-json\/wp\/v2\/types\/page"}],"author":[{"embeddable":true,"href":"https:\/\/assessoriaperfilrh.com.br\/cms\/wp-json\/wp\/v2\/users\/3"}],"replies":[{"embeddable":true,"href":"https:\/\/assessoriaperfilrh.com.br\/cms\/wp-json\/wp\/v2\/comments?post=6845"}],"version-history":[{"count":6,"href":"https:\/\/assessoriaperfilrh.com.br\/cms\/wp-json\/wp\/v2\/pages\/6845\/revisions"}],"predecessor-version":[{"id":7166,"href":"https:\/\/assessoriaperfilrh.com.br\/cms\/wp-json\/wp\/v2\/pages\/6845\/revisions\/7166"}],"wp:attachment":[{"href":"https:\/\/assessoriaperfilrh.com.br\/cms\/wp-json\/wp\/v2\/media?parent=6845"}],"curies":[{"name":"wp","href":"https:\/\/api.w.org\/{rel}","templated":true}]}}